{"id":139,"date":"2020-05-26T15:44:17","date_gmt":"2020-05-26T15:44:17","guid":{"rendered":"https:\/\/www.lifelanner.eu\/?page_id=139"},"modified":"2020-06-04T23:47:35","modified_gmt":"2020-06-04T23:47:35","slug":"background","status":"publish","type":"page","link":"https:\/\/www.lifelanner.eu\/it\/project\/background\/","title":{"rendered":"Retroscena"},"content":{"rendered":"<div class=\"wp-block-columns alignfull is-layout-flex wp-container-core-columns-is-layout-1 wp-block-columns-is-layout-flex\">\n<div class=\"wp-block-column is-layout-flow wp-block-column-is-layout-flow\" style=\"flex-basis:25%\"><\/div>\n\n\n\n<div class=\"wp-block-column is-layout-flow wp-block-column-is-layout-flow\" style=\"flex-basis:50%\">\n<p class=\" translation-block\">Il falco lanario (<em>Falco biarmicus<\/em>) \u00e8 elencato nell'Allegato I della direttiva Uccelli dell'Unione Europea, classificato come specie di interesse di conservazione (categoria SPEC 3), ed \u00e8 elencato nell'Allegato II della Convensione di Bonn, l'allegato II della Convenzione di Berna, e l'allegato II CITES. L'Italia ospita l'85% dell'intera popolazione nidificante europea, ed \u00e8 distribuita sul territorio in maniera discontinua e frammentaria, con la maggiore concentrazione in Sicilia. Delle cinque sottospecie conosciute, solo una \u00e8 trovata in Europa: <em>Falco biarmicus feldeggii<\/em>. Questa sottospecie, che vive nelle parti pi\u00f9 meridionali del continente e in piccole aree del Caucaso, si riproduce in soli tre stati europei. Recentemente, diversi studi hanno mostrato un declino della popolazione italiana di lanario: il Piano d'Azione Nazionale del 2007 stimava 140-172 coppie, dati del 2014 ne riportavano 123-147, mentre lo studio pi\u00f9 recente (aprile 2018) fa ammontare la popolazione italiana a 60-80 coppie nidificanti. Secondo quest'ultima fonte, l'intera popolazione mondiale arriverebbe appena a 119-171 coppie, confermando un declino drammatico.<\/p>\n\n\n\n<p>Nel Lazio, la popolazione \u00e8 scesa da 10-15 paia negli anni '80, a 4-6 coppie nel 1990. Dal 2001 la popolazione di falco lanario nel Lazio \u00e8 stata monitorata costantemente; e dal 2016 non \u00e8 stata individuata nessuna coppia nidificante. Il lanario si \u00e8 riprodotto sulle isole maltesi fino al diciannovesimo secolo, ma ora \u00e8 solo un visitatore occasionale.<\/p>\n<\/div>\n\n\n\n<div class=\"wp-block-column is-layout-flow wp-block-column-is-layout-flow\" style=\"flex-basis:25%\"><\/div>\n<\/div>","protected":false},"excerpt":{"rendered":"<p>The Lanner falcon (Falco biarmicus) is listed in Annex I of the EU Birds Directive, is classified as a Species of European Conservation Concern (SPEC level 3), and is listed in Appendix II of the Bonn Convention, Annex II of the Bern Convention, and Appendix II of CITES. Italy hosts 85% of the whole European [&hellip;]<\/p>","protected":false},"author":1,"featured_media":0,"parent":32,"menu_order":1,"comment_status":"closed","ping_status":"closed","template":"page-onecolumn.php","meta":{"_monsterinsights_skip_tracking":false,"_monsterinsights_sitenote_active":false,"_monsterinsights_sitenote_note":"","_monsterinsights_sitenote_category":0,"footnotes":""},"yoast_head":"<!-- This site is optimized with the Yoast SEO plugin v22.5 - https:\/\/yoast.com\/wordpress\/plugins\/seo\/ -->\n<title>Background - LIFE LANNER<\/title>\n<meta name=\"robots\" content=\"index, follow, max-snippet:-1, max-image-preview:large, max-video-preview:-1\" \/>\n<link rel=\"canonical\" href=\"https:\/\/www.lifelanner.eu\/it\/project\/background\/\" \/>\n<meta property=\"og:locale\" content=\"it_IT\" \/>\n<meta property=\"og:type\" content=\"article\" \/>\n<meta property=\"og:title\" content=\"Background - LIFE LANNER\" \/>\n<meta property=\"og:description\" content=\"The Lanner falcon (Falco biarmicus) is listed in Annex I of the EU Birds Directive, is classified as a Species of European Conservation Concern (SPEC level 3), and is listed in Appendix II of the Bonn Convention, Annex II of the Bern Convention, and Appendix II of CITES. Italy hosts 85% of the whole European [&hellip;]\" \/>\n<meta property=\"og:url\" content=\"https:\/\/www.lifelanner.eu\/it\/project\/background\/\" \/>\n<meta property=\"og:site_name\" content=\"LIFE LANNER\" \/>\n<meta property=\"article:modified_time\" content=\"2020-06-04T23:47:35+00:00\" \/>\n<meta name=\"twitter:card\" content=\"summary_large_image\" \/>\n<meta name=\"twitter:label1\" content=\"Tempo di lettura stimato\" \/>\n\t<meta name=\"twitter:data1\" content=\"1 minuto\" \/>\n<script type=\"application\/ld+json\" class=\"yoast-schema-graph\">{\"@context\":\"https:\/\/schema.org\",\"@graph\":[{\"@type\":\"WebPage\",\"@id\":\"https:\/\/www.lifelanner.eu\/project\/background\/\",\"url\":\"https:\/\/www.lifelanner.eu\/project\/background\/\",\"name\":\"Background - LIFE LANNER\",\"isPartOf\":{\"@id\":\"https:\/\/www.lifelanner.eu\/#website\"},\"datePublished\":\"2020-05-26T15:44:17+00:00\",\"dateModified\":\"2020-06-04T23:47:35+00:00\",\"breadcrumb\":{\"@id\":\"https:\/\/www.lifelanner.eu\/project\/background\/#breadcrumb\"},\"inLanguage\":\"it-IT\",\"potentialAction\":[{\"@type\":\"ReadAction\",\"target\":[\"https:\/\/www.lifelanner.eu\/project\/background\/\"]}]},{\"@type\":\"BreadcrumbList\",\"@id\":\"https:\/\/www.lifelanner.eu\/project\/background\/#breadcrumb\",\"itemListElement\":[{\"@type\":\"ListItem\",\"position\":1,\"name\":\"Home\",\"item\":\"https:\/\/www.lifelanner.eu\/\"},{\"@type\":\"ListItem\",\"position\":2,\"name\":\"Project\",\"item\":\"https:\/\/www.lifelanner.eu\/project\/\"},{\"@type\":\"ListItem\",\"position\":3,\"name\":\"Background\"}]},{\"@type\":\"WebSite\",\"@id\":\"https:\/\/www.lifelanner.eu\/#website\",\"url\":\"https:\/\/www.lifelanner.eu\/\",\"name\":\"LIFE LANNER\",\"description\":\"Urgent conservation actions for Lanner falcon\",\"potentialAction\":[{\"@type\":\"SearchAction\",\"target\":{\"@type\":\"EntryPoint\",\"urlTemplate\":\"https:\/\/www.lifelanner.eu\/?s={search_term_string}\"},\"query-input\":\"required name=search_term_string\"}],\"inLanguage\":\"it-IT\"}]}<\/script>\n<!-- \/ Yoast SEO plugin. -->","yoast_head_json":{"title":"Background - LIFE LANNER","robots":{"index":"index","follow":"follow","max-snippet":"max-snippet:-1","max-image-preview":"max-image-preview:large","max-video-preview":"max-video-preview:-1"},"canonical":"https:\/\/www.lifelanner.eu\/it\/project\/background\/","og_locale":"it_IT","og_type":"article","og_title":"Background - LIFE LANNER","og_description":"The Lanner falcon (Falco biarmicus) is listed in Annex I of the EU Birds Directive, is classified as a Species of European Conservation Concern (SPEC level 3), and is listed in Appendix II of the Bonn Convention, Annex II of the Bern Convention, and Appendix II of CITES. Italy hosts 85% of the whole European [&hellip;]","og_url":"https:\/\/www.lifelanner.eu\/it\/project\/background\/","og_site_name":"LIFE LANNER","article_modified_time":"2020-06-04T23:47:35+00:00","twitter_card":"summary_large_image","twitter_misc":{"Tempo di lettura stimato":"1 minuto"},"schema":{"@context":"https:\/\/schema.org","@graph":[{"@type":"WebPage","@id":"https:\/\/www.lifelanner.eu\/project\/background\/","url":"https:\/\/www.lifelanner.eu\/project\/background\/","name":"Background - LIFE LANNER","isPartOf":{"@id":"https:\/\/www.lifelanner.eu\/#website"},"datePublished":"2020-05-26T15:44:17+00:00","dateModified":"2020-06-04T23:47:35+00:00","breadcrumb":{"@id":"https:\/\/www.lifelanner.eu\/project\/background\/#breadcrumb"},"inLanguage":"it-IT","potentialAction":[{"@type":"ReadAction","target":["https:\/\/www.lifelanner.eu\/project\/background\/"]}]},{"@type":"BreadcrumbList","@id":"https:\/\/www.lifelanner.eu\/project\/background\/#breadcrumb","itemListElement":[{"@type":"ListItem","position":1,"name":"Home","item":"https:\/\/www.lifelanner.eu\/"},{"@type":"ListItem","position":2,"name":"Project","item":"https:\/\/www.lifelanner.eu\/project\/"},{"@type":"ListItem","position":3,"name":"Background"}]},{"@type":"WebSite","@id":"https:\/\/www.lifelanner.eu\/#website","url":"https:\/\/www.lifelanner.eu\/","name":"LIFE LANNER","description":"Urgent conservation actions for Lanner falcon","potentialAction":[{"@type":"SearchAction","target":{"@type":"EntryPoint","urlTemplate":"https:\/\/www.lifelanner.eu\/?s={search_term_string}"},"query-input":"required name=search_term_string"}],"inLanguage":"it-IT"}]}},"_links":{"self":[{"href":"https:\/\/www.lifelanner.eu\/it\/wp-json\/wp\/v2\/pages\/139"}],"collection":[{"href":"https:\/\/www.lifelanner.eu\/it\/wp-json\/wp\/v2\/pages"}],"about":[{"href":"https:\/\/www.lifelanner.eu\/it\/wp-json\/wp\/v2\/types\/page"}],"author":[{"embeddable":true,"href":"https:\/\/www.lifelanner.eu\/it\/wp-json\/wp\/v2\/users\/1"}],"replies":[{"embeddable":true,"href":"https:\/\/www.lifelanner.eu\/it\/wp-json\/wp\/v2\/comments?post=139"}],"version-history":[{"count":3,"href":"https:\/\/www.lifelanner.eu\/it\/wp-json\/wp\/v2\/pages\/139\/revisions"}],"predecessor-version":[{"id":281,"href":"https:\/\/www.lifelanner.eu\/it\/wp-json\/wp\/v2\/pages\/139\/revisions\/281"}],"up":[{"embeddable":true,"href":"https:\/\/www.lifelanner.eu\/it\/wp-json\/wp\/v2\/pages\/32"}],"wp:attachment":[{"href":"https:\/\/www.lifelanner.eu\/it\/wp-json\/wp\/v2\/media?parent=139"}],"curies":[{"name":"wp","href":"https:\/\/api.w.org\/{rel}","templated":true}]}}