{"id":124,"date":"2020-05-26T15:29:45","date_gmt":"2020-05-26T15:29:45","guid":{"rendered":"https:\/\/www.lifelanner.eu\/?page_id=124"},"modified":"2021-01-20T15:36:45","modified_gmt":"2021-01-20T15:36:45","slug":"species-background","status":"publish","type":"page","link":"https:\/\/www.lifelanner.eu\/it\/the-lanner-falcon\/species-background\/","title":{"rendered":"La specie"},"content":{"rendered":"<div class=\"wp-block-columns alignfull is-layout-flex wp-container-core-columns-is-layout-1 wp-block-columns-is-layout-flex\">\n<div class=\"wp-block-column is-layout-flow wp-block-column-is-layout-flow\" style=\"flex-basis:25%\"><\/div>\n\n\n\n<div class=\"wp-block-column is-layout-flow wp-block-column-is-layout-flow\" style=\"flex-basis:50%\">\n<p class=\"has-text-align-left\">Il falco lanario (<em>Falco biarmicus<\/em>) \u00e8 un uccello rapace di medie dimensioni con un'ampia distribuzione, dal Mediterraneo al Sudafrica. In Europa \u00e8 una rarit\u00e0, ed \u00e8 stato infatti spesso confuso con specie simili come il pellegrino (<em>Falco peregrinus<\/em>), tanto che la sua esistenza come specie a s\u00e9 \u00e8 stato a lungo oggetto di discussione. A oggi, ci sono cinque sottospecie riconosciute di falco lanario, distinguibili da lievi differenze di dimensioni e nel piumaggio. Quattro (<em>F. b. biarmicus<\/em>, <em>F. b. abyssinicus<\/em>, <em>F. b. erlangeri<\/em>,<em> F. b. tanypterus<\/em>) si trovano in diverse zone del continente africano, mentre <em>Falco biarmicus feldeggii<\/em> \u00e8 l'unica sottospecie europea, pi\u00f9 precisamente di alcuni paesi del bacino del Mediterraneo.<\/p>\n\n\n\n<p>Il nome viene dal latino <em>falx<\/em> ovvero falce, la forma della silhouette di un falco in volo. <em>Biarmicus <\/em>si riferisce ai due mustacchi, che insieme al resto del piumaggio sono pi\u00f9 scuri nelle sottospecie che vivono a latitudini maggiori, probabilmente per facilitare la termoregolazione in climi pi\u00f9 freddi.<\/p>\n\n\n\n<p class=\" translation-block\"><em>F. b. feldeggii<\/em> predilige aree aperte come steppe aride, campi incolti, zone semi desertiche. La disponibilit\u00e0 di pareti nelle vicinanze \u00e8 indispensabile per permettere la nidificazione, che avviene in anfratti rocciosi. La popolazione italiana, stimata a 60-80 coppie, rappresenta uno dei principali nuclei europei per la specie, insieme all'area dei Balcani e della Turchia.<\/p>\n\n\n\n<p>Il corteggiamento, con le sue spettacolari esibizioni aeree, inizia a dicembre. La deposizione delle uova avviene tra febbraio e marzo, con in media 3-4 uova per nido. Le cure parentali vegono intraprese da entrambi i genitori: mentre la madre cova, il partner va a caccia per procurare cibo all'intera famiglia. La dieta del falco lanario \u00e8 costituita da uccelli: principalmente piccioni, gazze, ghiandaie e colombacci, ma talvolta anche piccoli rapaci come il gheppio. Le prede possibili includono piccoli mammiferi, rettili, e grossi invertebrati.<\/p>\n\n\n\n<p>Questa non \u00e8 una specie migratoria, infatti effettuano piccoli spostamenti locali in funzione delle condizioni ambientali e della disponibilit\u00e0 di cibo. Vista l'assenza di studi di tracking, non ci sono dati sull'home range e l'ecologia del movimento di questa specie. Uno degli obiettivi del nostro progetto LIFE Lanner \u00e8 proprio quello di colmare questa lacuna.<\/p>\n\n\n\n<p><strong>Bibliografia<\/strong><br>Giovanni Leonardi, Marco Preziosi, Alan C. Kemp (2015) The Lanner Falcon, pubblicato privatamente<\/p>\n<\/div>\n\n\n\n<div class=\"wp-block-column is-layout-flow wp-block-column-is-layout-flow\" style=\"flex-basis:25%\"><\/div>\n<\/div>\n\n\n\n<p><\/p>","protected":false},"excerpt":{"rendered":"<p>The Lanner falcon (Falco biarmicus) is a medium-sized bird of prey with a very wide distribution range, from the Mediterranean to South Africa. A rare sight in Europe, and often misidentified with similar falcons such as the peregrine (Falco peregrinus), its existence as a separate species has been much discussed. As of today, five subspecies [&hellip;]<\/p>","protected":false},"author":1,"featured_media":0,"parent":33,"menu_order":0,"comment_status":"closed","ping_status":"closed","template":"page-onecolumn.php","meta":{"_monsterinsights_skip_tracking":false,"_monsterinsights_sitenote_active":false,"_monsterinsights_sitenote_note":"","_monsterinsights_sitenote_category":0,"footnotes":""},"yoast_head":"<!-- This site is optimized with the Yoast SEO plugin v22.5 - https:\/\/yoast.com\/wordpress\/plugins\/seo\/ -->\n<title>Species background - LIFE LANNER<\/title>\n<meta name=\"robots\" content=\"index, follow, max-snippet:-1, max-image-preview:large, max-video-preview:-1\" \/>\n<link rel=\"canonical\" href=\"https:\/\/www.lifelanner.eu\/it\/the-lanner-falcon\/species-background\/\" \/>\n<meta property=\"og:locale\" content=\"it_IT\" \/>\n<meta property=\"og:type\" content=\"article\" \/>\n<meta property=\"og:title\" content=\"Species background - LIFE LANNER\" \/>\n<meta property=\"og:description\" content=\"The Lanner falcon (Falco biarmicus) is a medium-sized bird of prey with a very wide distribution range, from the Mediterranean to South Africa. A rare sight in Europe, and often misidentified with similar falcons such as the peregrine (Falco peregrinus), its existence as a separate species has been much discussed. As of today, five subspecies [&hellip;]\" \/>\n<meta property=\"og:url\" content=\"https:\/\/www.lifelanner.eu\/it\/the-lanner-falcon\/species-background\/\" \/>\n<meta property=\"og:site_name\" content=\"LIFE LANNER\" \/>\n<meta property=\"article:modified_time\" content=\"2021-01-20T15:36:45+00:00\" \/>\n<meta name=\"twitter:card\" content=\"summary_large_image\" \/>\n<meta name=\"twitter:label1\" content=\"Tempo di lettura stimato\" \/>\n\t<meta name=\"twitter:data1\" content=\"2 minuti\" \/>\n<script type=\"application\/ld+json\" class=\"yoast-schema-graph\">{\"@context\":\"https:\/\/schema.org\",\"@graph\":[{\"@type\":\"WebPage\",\"@id\":\"https:\/\/www.lifelanner.eu\/the-lanner-falcon\/species-background\/\",\"url\":\"https:\/\/www.lifelanner.eu\/the-lanner-falcon\/species-background\/\",\"name\":\"Species background - LIFE LANNER\",\"isPartOf\":{\"@id\":\"https:\/\/www.lifelanner.eu\/#website\"},\"datePublished\":\"2020-05-26T15:29:45+00:00\",\"dateModified\":\"2021-01-20T15:36:45+00:00\",\"breadcrumb\":{\"@id\":\"https:\/\/www.lifelanner.eu\/the-lanner-falcon\/species-background\/#breadcrumb\"},\"inLanguage\":\"it-IT\",\"potentialAction\":[{\"@type\":\"ReadAction\",\"target\":[\"https:\/\/www.lifelanner.eu\/the-lanner-falcon\/species-background\/\"]}]},{\"@type\":\"BreadcrumbList\",\"@id\":\"https:\/\/www.lifelanner.eu\/the-lanner-falcon\/species-background\/#breadcrumb\",\"itemListElement\":[{\"@type\":\"ListItem\",\"position\":1,\"name\":\"Home\",\"item\":\"https:\/\/www.lifelanner.eu\/\"},{\"@type\":\"ListItem\",\"position\":2,\"name\":\"The Lanner falcon\",\"item\":\"https:\/\/www.lifelanner.eu\/the-lanner-falcon\/\"},{\"@type\":\"ListItem\",\"position\":3,\"name\":\"Species background\"}]},{\"@type\":\"WebSite\",\"@id\":\"https:\/\/www.lifelanner.eu\/#website\",\"url\":\"https:\/\/www.lifelanner.eu\/\",\"name\":\"LIFE LANNER\",\"description\":\"Urgent conservation actions for Lanner falcon\",\"potentialAction\":[{\"@type\":\"SearchAction\",\"target\":{\"@type\":\"EntryPoint\",\"urlTemplate\":\"https:\/\/www.lifelanner.eu\/?s={search_term_string}\"},\"query-input\":\"required name=search_term_string\"}],\"inLanguage\":\"it-IT\"}]}<\/script>\n<!-- \/ Yoast SEO plugin. -->","yoast_head_json":{"title":"Species background - LIFE LANNER","robots":{"index":"index","follow":"follow","max-snippet":"max-snippet:-1","max-image-preview":"max-image-preview:large","max-video-preview":"max-video-preview:-1"},"canonical":"https:\/\/www.lifelanner.eu\/it\/the-lanner-falcon\/species-background\/","og_locale":"it_IT","og_type":"article","og_title":"Species background - LIFE LANNER","og_description":"The Lanner falcon (Falco biarmicus) is a medium-sized bird of prey with a very wide distribution range, from the Mediterranean to South Africa. A rare sight in Europe, and often misidentified with similar falcons such as the peregrine (Falco peregrinus), its existence as a separate species has been much discussed. As of today, five subspecies [&hellip;]","og_url":"https:\/\/www.lifelanner.eu\/it\/the-lanner-falcon\/species-background\/","og_site_name":"LIFE LANNER","article_modified_time":"2021-01-20T15:36:45+00:00","twitter_card":"summary_large_image","twitter_misc":{"Tempo di lettura stimato":"2 minuti"},"schema":{"@context":"https:\/\/schema.org","@graph":[{"@type":"WebPage","@id":"https:\/\/www.lifelanner.eu\/the-lanner-falcon\/species-background\/","url":"https:\/\/www.lifelanner.eu\/the-lanner-falcon\/species-background\/","name":"Species background - LIFE LANNER","isPartOf":{"@id":"https:\/\/www.lifelanner.eu\/#website"},"datePublished":"2020-05-26T15:29:45+00:00","dateModified":"2021-01-20T15:36:45+00:00","breadcrumb":{"@id":"https:\/\/www.lifelanner.eu\/the-lanner-falcon\/species-background\/#breadcrumb"},"inLanguage":"it-IT","potentialAction":[{"@type":"ReadAction","target":["https:\/\/www.lifelanner.eu\/the-lanner-falcon\/species-background\/"]}]},{"@type":"BreadcrumbList","@id":"https:\/\/www.lifelanner.eu\/the-lanner-falcon\/species-background\/#breadcrumb","itemListElement":[{"@type":"ListItem","position":1,"name":"Home","item":"https:\/\/www.lifelanner.eu\/"},{"@type":"ListItem","position":2,"name":"The Lanner falcon","item":"https:\/\/www.lifelanner.eu\/the-lanner-falcon\/"},{"@type":"ListItem","position":3,"name":"Species background"}]},{"@type":"WebSite","@id":"https:\/\/www.lifelanner.eu\/#website","url":"https:\/\/www.lifelanner.eu\/","name":"LIFE LANNER","description":"Urgent conservation actions for Lanner falcon","potentialAction":[{"@type":"SearchAction","target":{"@type":"EntryPoint","urlTemplate":"https:\/\/www.lifelanner.eu\/?s={search_term_string}"},"query-input":"required name=search_term_string"}],"inLanguage":"it-IT"}]}},"_links":{"self":[{"href":"https:\/\/www.lifelanner.eu\/it\/wp-json\/wp\/v2\/pages\/124"}],"collection":[{"href":"https:\/\/www.lifelanner.eu\/it\/wp-json\/wp\/v2\/pages"}],"about":[{"href":"https:\/\/www.lifelanner.eu\/it\/wp-json\/wp\/v2\/types\/page"}],"author":[{"embeddable":true,"href":"https:\/\/www.lifelanner.eu\/it\/wp-json\/wp\/v2\/users\/1"}],"replies":[{"embeddable":true,"href":"https:\/\/www.lifelanner.eu\/it\/wp-json\/wp\/v2\/comments?post=124"}],"version-history":[{"count":7,"href":"https:\/\/www.lifelanner.eu\/it\/wp-json\/wp\/v2\/pages\/124\/revisions"}],"predecessor-version":[{"id":521,"href":"https:\/\/www.lifelanner.eu\/it\/wp-json\/wp\/v2\/pages\/124\/revisions\/521"}],"up":[{"embeddable":true,"href":"https:\/\/www.lifelanner.eu\/it\/wp-json\/wp\/v2\/pages\/33"}],"wp:attachment":[{"href":"https:\/\/www.lifelanner.eu\/it\/wp-json\/wp\/v2\/media?parent=124"}],"curies":[{"name":"wp","href":"https:\/\/api.w.org\/{rel}","templated":true}]}}