{"id":111,"date":"2020-05-26T15:26:58","date_gmt":"2020-05-26T15:26:58","guid":{"rendered":"https:\/\/www.lifelanner.eu\/?page_id=111"},"modified":"2021-01-20T15:36:26","modified_gmt":"2021-01-20T15:36:26","slug":"why-the-lanner","status":"publish","type":"page","link":"https:\/\/www.lifelanner.eu\/it\/the-lanner-falcon\/why-the-lanner\/","title":{"rendered":"Perch\u00e9 il Lanario?"},"content":{"rendered":"<div class=\"wp-block-columns alignfull is-layout-flex wp-container-core-columns-is-layout-1 wp-block-columns-is-layout-flex\">\n<div class=\"wp-block-column is-layout-flow wp-block-column-is-layout-flow\" style=\"flex-basis:25%\"><\/div>\n\n\n\n<div class=\"wp-block-column is-layout-flow wp-block-column-is-layout-flow\" style=\"flex-basis:50%\">\n<p class=\" translation-block\">Complessivamente la specie <em>Falco biarmicus<\/em> ha una distribuzione ampia, ma con forti variazioni nelle abbondanze locali. Questo \u00e8 evidente se si paragonano lo status delle quattro sottospecie africane con quella europea, <em>Falco biarmicus feldeggii<\/em>. Trovandosi all'estremo nord del suo areale, questa sottospecie \u00e8 particolarmente vulnerabile agli innumerevoli rischi che affronta. Le minacce principali sono la perdita di habitat adatto e la diffusione di pesticidi, a cui tristemente si aggiungono la persecuzione diretta, e il pericolo di folgorazione e collisione con linee elettriche e altre strutture. In passato, l'uso di rodenticidi ha estito questa sottospecie in Israele.<\/p>\n\n\n\n<p>Negli anni '50 e '70 il bracconaggio ha avuto sulla popolazione italiana di lanario un impatto considerevole, bench\u00e9 difficilmente quantificabile. Il lanario \u00e8 una specie molto apprezzata dai falconieri, e il commercio illegale di uova e pulcini \u00e8 stato a lungo nutrito dai furti al nido. Purtroppo questo fenomeno non \u00e8 stato del tutto eradicato, nonostante la specie sia legalmente protetta in Italia dal 1977.<\/p>\n\n\n\n<p>Il record di longevit\u00e0 riportato per il falco lanario \u00e8 di 17 anni, ma l'aspettativa media di vita \u00e8 di soli 5 anni circa. La riproduzione inizia intorno ai 3 anni, ma il successo riproduttivo delle coppie appena formate, a causa dell'inesperienza, non \u00e8 ottimale. Circa il 20% delle covate non viene portato avanti oltre al primo uovo. Nel delicato periodo immediatamente successivo all'involo la mortalit\u00e0 dei pulcini pu\u00f2 superare il 50%. Tutti questi fattori fanno s\u00ec che il reclutamento nella popolazione sia estremamente basso.<\/p>\n\n\n\n<p class=\" translation-block\">Nonostante lo status di specie protetta, il numero di coppie riproduttive di <em>F. b. feldeggi<\/em>, non \u00e8 aumentato come \u00e8 stato osservato per il simile falco pellegrino (<em>Falco peregrinus<\/em>). Solo il 25% delle coppie nidifica in aree protette, che non rispecchiano del tutto l'habitat ideale della specie. Le misure di conservazione intraprese finora si sono rivelate inadeguate, e la presenza del lanario in Europa \u00e8 rimasta frammentata. Con la riproduzione in cattivit\u00e0 e un'attenta reintroduzione, il progetto LIFE Lanner si prefigge di invertire il declino della popolazione italiana.<\/p>\n\n\n\n<p><strong>Bibliografia<\/strong><br>Giovanni Leonardi, Marco Preziosi, Alan C. Kemp (2015) The Lanner Falcon, pubblicato privatamente<\/p>\n<\/div>\n\n\n\n<div class=\"wp-block-column is-layout-flow wp-block-column-is-layout-flow\" style=\"flex-basis:25%\"><\/div>\n<\/div>\n\n\n\n<p><\/p>","protected":false},"excerpt":{"rendered":"<p>While the species as a whole has a very wide distribution range, local abundance varies greatly. This holds particularly true when comparing the status of the four African subspecies and that of the European Falco biarmicus feldeggii. Being in the northernmost part of its range, this subspecies is particularly vulnerable to the many threats it [&hellip;]<\/p>","protected":false},"author":1,"featured_media":0,"parent":33,"menu_order":0,"comment_status":"closed","ping_status":"closed","template":"page-onecolumn.php","meta":{"_monsterinsights_skip_tracking":false,"_monsterinsights_sitenote_active":false,"_monsterinsights_sitenote_note":"","_monsterinsights_sitenote_category":0,"footnotes":""},"yoast_head":"<!-- This site is optimized with the Yoast SEO plugin v22.5 - https:\/\/yoast.com\/wordpress\/plugins\/seo\/ -->\n<title>Why the Lanner? - LIFE LANNER<\/title>\n<meta name=\"robots\" content=\"index, follow, max-snippet:-1, max-image-preview:large, max-video-preview:-1\" \/>\n<link rel=\"canonical\" href=\"https:\/\/www.lifelanner.eu\/it\/the-lanner-falcon\/why-the-lanner\/\" \/>\n<meta property=\"og:locale\" content=\"it_IT\" \/>\n<meta property=\"og:type\" content=\"article\" \/>\n<meta property=\"og:title\" content=\"Why the Lanner? - LIFE LANNER\" \/>\n<meta property=\"og:description\" content=\"While the species as a whole has a very wide distribution range, local abundance varies greatly. This holds particularly true when comparing the status of the four African subspecies and that of the European Falco biarmicus feldeggii. Being in the northernmost part of its range, this subspecies is particularly vulnerable to the many threats it [&hellip;]\" \/>\n<meta property=\"og:url\" content=\"https:\/\/www.lifelanner.eu\/it\/the-lanner-falcon\/why-the-lanner\/\" \/>\n<meta property=\"og:site_name\" content=\"LIFE LANNER\" \/>\n<meta property=\"article:modified_time\" content=\"2021-01-20T15:36:26+00:00\" \/>\n<meta name=\"twitter:card\" content=\"summary_large_image\" \/>\n<meta name=\"twitter:label1\" content=\"Tempo di lettura stimato\" \/>\n\t<meta name=\"twitter:data1\" content=\"2 minuti\" \/>\n<script type=\"application\/ld+json\" class=\"yoast-schema-graph\">{\"@context\":\"https:\/\/schema.org\",\"@graph\":[{\"@type\":\"WebPage\",\"@id\":\"https:\/\/www.lifelanner.eu\/the-lanner-falcon\/why-the-lanner\/\",\"url\":\"https:\/\/www.lifelanner.eu\/the-lanner-falcon\/why-the-lanner\/\",\"name\":\"Why the Lanner? - LIFE LANNER\",\"isPartOf\":{\"@id\":\"https:\/\/www.lifelanner.eu\/#website\"},\"datePublished\":\"2020-05-26T15:26:58+00:00\",\"dateModified\":\"2021-01-20T15:36:26+00:00\",\"breadcrumb\":{\"@id\":\"https:\/\/www.lifelanner.eu\/the-lanner-falcon\/why-the-lanner\/#breadcrumb\"},\"inLanguage\":\"it-IT\",\"potentialAction\":[{\"@type\":\"ReadAction\",\"target\":[\"https:\/\/www.lifelanner.eu\/the-lanner-falcon\/why-the-lanner\/\"]}]},{\"@type\":\"BreadcrumbList\",\"@id\":\"https:\/\/www.lifelanner.eu\/the-lanner-falcon\/why-the-lanner\/#breadcrumb\",\"itemListElement\":[{\"@type\":\"ListItem\",\"position\":1,\"name\":\"Home\",\"item\":\"https:\/\/www.lifelanner.eu\/\"},{\"@type\":\"ListItem\",\"position\":2,\"name\":\"The Lanner falcon\",\"item\":\"https:\/\/www.lifelanner.eu\/the-lanner-falcon\/\"},{\"@type\":\"ListItem\",\"position\":3,\"name\":\"Why the Lanner?\"}]},{\"@type\":\"WebSite\",\"@id\":\"https:\/\/www.lifelanner.eu\/#website\",\"url\":\"https:\/\/www.lifelanner.eu\/\",\"name\":\"LIFE LANNER\",\"description\":\"Urgent conservation actions for Lanner falcon\",\"potentialAction\":[{\"@type\":\"SearchAction\",\"target\":{\"@type\":\"EntryPoint\",\"urlTemplate\":\"https:\/\/www.lifelanner.eu\/?s={search_term_string}\"},\"query-input\":\"required name=search_term_string\"}],\"inLanguage\":\"it-IT\"}]}<\/script>\n<!-- \/ Yoast SEO plugin. -->","yoast_head_json":{"title":"Why the Lanner? - LIFE LANNER","robots":{"index":"index","follow":"follow","max-snippet":"max-snippet:-1","max-image-preview":"max-image-preview:large","max-video-preview":"max-video-preview:-1"},"canonical":"https:\/\/www.lifelanner.eu\/it\/the-lanner-falcon\/why-the-lanner\/","og_locale":"it_IT","og_type":"article","og_title":"Why the Lanner? - LIFE LANNER","og_description":"While the species as a whole has a very wide distribution range, local abundance varies greatly. This holds particularly true when comparing the status of the four African subspecies and that of the European Falco biarmicus feldeggii. Being in the northernmost part of its range, this subspecies is particularly vulnerable to the many threats it [&hellip;]","og_url":"https:\/\/www.lifelanner.eu\/it\/the-lanner-falcon\/why-the-lanner\/","og_site_name":"LIFE LANNER","article_modified_time":"2021-01-20T15:36:26+00:00","twitter_card":"summary_large_image","twitter_misc":{"Tempo di lettura stimato":"2 minuti"},"schema":{"@context":"https:\/\/schema.org","@graph":[{"@type":"WebPage","@id":"https:\/\/www.lifelanner.eu\/the-lanner-falcon\/why-the-lanner\/","url":"https:\/\/www.lifelanner.eu\/the-lanner-falcon\/why-the-lanner\/","name":"Why the Lanner? - LIFE LANNER","isPartOf":{"@id":"https:\/\/www.lifelanner.eu\/#website"},"datePublished":"2020-05-26T15:26:58+00:00","dateModified":"2021-01-20T15:36:26+00:00","breadcrumb":{"@id":"https:\/\/www.lifelanner.eu\/the-lanner-falcon\/why-the-lanner\/#breadcrumb"},"inLanguage":"it-IT","potentialAction":[{"@type":"ReadAction","target":["https:\/\/www.lifelanner.eu\/the-lanner-falcon\/why-the-lanner\/"]}]},{"@type":"BreadcrumbList","@id":"https:\/\/www.lifelanner.eu\/the-lanner-falcon\/why-the-lanner\/#breadcrumb","itemListElement":[{"@type":"ListItem","position":1,"name":"Home","item":"https:\/\/www.lifelanner.eu\/"},{"@type":"ListItem","position":2,"name":"The Lanner falcon","item":"https:\/\/www.lifelanner.eu\/the-lanner-falcon\/"},{"@type":"ListItem","position":3,"name":"Why the Lanner?"}]},{"@type":"WebSite","@id":"https:\/\/www.lifelanner.eu\/#website","url":"https:\/\/www.lifelanner.eu\/","name":"LIFE LANNER","description":"Urgent conservation actions for Lanner falcon","potentialAction":[{"@type":"SearchAction","target":{"@type":"EntryPoint","urlTemplate":"https:\/\/www.lifelanner.eu\/?s={search_term_string}"},"query-input":"required name=search_term_string"}],"inLanguage":"it-IT"}]}},"_links":{"self":[{"href":"https:\/\/www.lifelanner.eu\/it\/wp-json\/wp\/v2\/pages\/111"}],"collection":[{"href":"https:\/\/www.lifelanner.eu\/it\/wp-json\/wp\/v2\/pages"}],"about":[{"href":"https:\/\/www.lifelanner.eu\/it\/wp-json\/wp\/v2\/types\/page"}],"author":[{"embeddable":true,"href":"https:\/\/www.lifelanner.eu\/it\/wp-json\/wp\/v2\/users\/1"}],"replies":[{"embeddable":true,"href":"https:\/\/www.lifelanner.eu\/it\/wp-json\/wp\/v2\/comments?post=111"}],"version-history":[{"count":3,"href":"https:\/\/www.lifelanner.eu\/it\/wp-json\/wp\/v2\/pages\/111\/revisions"}],"predecessor-version":[{"id":321,"href":"https:\/\/www.lifelanner.eu\/it\/wp-json\/wp\/v2\/pages\/111\/revisions\/321"}],"up":[{"embeddable":true,"href":"https:\/\/www.lifelanner.eu\/it\/wp-json\/wp\/v2\/pages\/33"}],"wp:attachment":[{"href":"https:\/\/www.lifelanner.eu\/it\/wp-json\/wp\/v2\/media?parent=111"}],"curies":[{"name":"wp","href":"https:\/\/api.w.org\/{rel}","templated":true}]}}