{"id":108,"date":"2020-05-26T15:26:58","date_gmt":"2020-05-26T15:26:58","guid":{"rendered":"https:\/\/www.lifelanner.eu\/?page_id=108"},"modified":"2025-03-04T13:33:38","modified_gmt":"2025-03-04T13:33:38","slug":"results","status":"publish","type":"page","link":"https:\/\/www.lifelanner.eu\/it\/project\/results\/","title":{"rendered":"Risultati"},"content":{"rendered":"<div class=\"wp-block-columns alignfull is-layout-flex wp-container-core-columns-is-layout-1 wp-block-columns-is-layout-flex\">\n<div class=\"wp-block-column is-layout-flow wp-block-column-is-layout-flow\" style=\"flex-basis:25%\"><\/div>\n\n\n\n<div class=\"wp-block-column is-layout-flow wp-block-column-is-layout-flow\" style=\"flex-basis:50%\">\n<p>Il progetto, nonostante le varie difficolt\u00e0 esterne cui \u00e8 andato incontro in questi anni, ha ottenuto alcuni risultati notevoli, in particolare per quanto riguarda attivit\u00e0 mai svolte prima, come l\u2019allevamento e la nascita di lanari in un centro pubblico, la caratterizzazione genetica della specie e la messa in sicurezza di oltre 300 tralicci elettrici per prevenire l\u2019elettrocuzione. A ci\u00f2 si aggiunge la riapertura di decine di ettari di pascoli tramite il decespugliamento per ricreare aree aperte per l\u2019alimentazione dei lanari in natura.<\/p>\n\n\n\n<p>Tra i meriti del progetto c\u2019\u00e8 anche quello di aver portato a questa specie dimenticata l\u2019attenzione necessaria, grazie alle attivit\u00e0 divulgative e di comunicazione online e in presenza, ai confronti scientifici e al monitoraggio nazionale della specie realizzato nel 2023 e ha incrementato la conoscenza scientifica sulla specie, rimasta stagnante per anni.<\/p>\n\n\n\n<p>Risultati attesi e ottenuti, aggiornati al 4\/3\/2025<\/p>\n\n\n\n<ul>\n<li>Rilascio di 30-50 falchi lanari nel corso di cinque stagioni riproduttive, che siano giovani nati nel Centro Recupero Animali Selvatici della Riserva Lago di Vico o adulti acquistati da allevamenti specializzati (azione C2).<\/li>\n<\/ul>\n\n\n\n<p>Risultati ottenuti: dal 2020 rilascio di 20 giovani falchi (2 nati nel CRAS di Vico e gli altri in allevamenti) attraverso l\u2019utilizzo di tecniche di hacking, che consente un inserimento in natura graduale dei falchi, tecnica migliorata negli ultimi due anni per garantire una migliore sopravvivenza. Due esemplari rilasciati vivono in natura e sono seguiti tramite GPS. Formazione di 7 coppie riproduttive: 20 uova deposte presso il CRAS di Vico nei due anni, da cui sono nati 8 pulcini.<\/p>\n\n\n\n<figure class=\"wp-block-image size-large is-style-default\"><img loading=\"lazy\" decoding=\"async\" width=\"768\" height=\"1024\" src=\"https:\/\/www.lifelanner.eu\/wp-content\/uploads\/2022\/12\/sirio-768x1024.jpg\" alt=\"new-lanner\" class=\"wp-image-917\" srcset=\"https:\/\/www.lifelanner.eu\/wp-content\/uploads\/2022\/12\/sirio-768x1024.jpg 768w, https:\/\/www.lifelanner.eu\/wp-content\/uploads\/2022\/12\/sirio-225x300.jpg 225w, https:\/\/www.lifelanner.eu\/wp-content\/uploads\/2022\/12\/sirio-1152x1536.jpg 1152w, https:\/\/www.lifelanner.eu\/wp-content\/uploads\/2022\/12\/sirio-9x12.jpg 9w, https:\/\/www.lifelanner.eu\/wp-content\/uploads\/2022\/12\/sirio-18x24.jpg 18w, https:\/\/www.lifelanner.eu\/wp-content\/uploads\/2022\/12\/sirio.jpg 1200w\" sizes=\"(max-width: 768px) 100vw, 768px\" \/><figcaption class=\"wp-element-caption\">new-lanner<\/figcaption><\/figure>\n\n\n\n<ul>\n<li>Installazione di almeno 50 GPS su animali che saranno rilasciati tramite la tecnica dell'hacking, e installazione di 4 hacking box nel Lazio (azioni A1, C2 e D1).<\/li>\n<\/ul>\n\n\n\n<p>Risultati ottenuti: installazione di GPS sui 20 lanari rilasciati permettendo di seguire i loro movimenti, e installazione di 2 hacking box nel Lazio. L\u2019utilizzo di queste tecnica permette ai falchi di familiarizzare con l\u2019ambiente che li circonda, focalizzando gli elementi principali del paesaggio (immagine: spostamenti di alcuni lanari nel 2023-24)<\/p>\n\n\n\n<figure class=\"wp-block-image size-large is-style-default\"><img loading=\"lazy\" decoding=\"async\" width=\"1024\" height=\"626\" src=\"https:\/\/www.lifelanner.eu\/wp-content\/uploads\/2024\/03\/tutto-date-1024x626.jpg\" alt=\"\" class=\"wp-image-1129\" srcset=\"\" sizes=\"(max-width: 1024px) 100vw, 1024px\" data-srcset=\"\" \/><\/figure>\n\n\n\n<ul>\n<li>Monitoraggio della popolazione di lanario del Lazio e di Malta, considerando anche 7 nidi storici del Lazio, e formazione di 15 persone per gestire tale attivit\u00e0 (azioni A2, A3 e D1).<\/li>\n<\/ul>\n\n\n\n<p>Risultati ottenuti: elaborazione del protocollo di monitoraggio per coppie riproduttrici di lanario. Monitoraggio annuale nel Lazio e a Malta. Formazione di 52 tecnici tramite corsi di riconoscimento. Nel 2023 LIFE LANNER ha coordinato un monitoraggio a livello nazionale del lanario promosso dalla Regione Lazio \u2013 Direzione Ambiente, nelle 13 regioni che ospitavano storicamente la specie. I risultati hanno riportato la presenza di sole 24 coppie nidificanti e 36 territori occupati.<\/p>\n\n\n\n<figure class=\"wp-block-image size-large is-style-default\"><img loading=\"lazy\" decoding=\"async\" width=\"1024\" height=\"682\" src=\"https:\/\/www.lifelanner.eu\/wp-content\/uploads\/2023\/09\/DSC07619-gigapixel-hq-height-2048px-1024x682.jpg\" alt=\"\" class=\"wp-image-1002\" srcset=\"\" sizes=\"(max-width: 1024px) 100vw, 1024px\" data-srcset=\"\" \/><\/figure>\n\n\n\n<ul>\n<li>Sistemazione delle strutture esistenti e costruzione di nuove voliere per realizzare un centro di captive breeding presso la Riserva Lago di Vico (azioni A1 e C1).<\/li>\n<\/ul>\n\n\n\n<p>Risultati ottenuti: miglioramenti alle voliere esistenti. Costruzione di 4 nuove voliere per le coppie riproduttrici (4 con fondi LIFE e 2 con fondi CRAS di altra provenienza). Riconversione di una stanza dell\u2019ambulatorio del CRAS a nursery.<\/p>\n\n\n\n<ul>\n<li>Recupero di 144 ettari di prati naturali e seminaturali, ideali territori di caccia per i lanari (azioni A1 e C4).<\/li>\n<\/ul>\n\n\n\n<p>Risultati ottenuti: riduzione della copertura arbustiva presso le aree protette Monte Casoli Bomarzo, Lago di Vico e Valle del Treja, Marturanum (76,5 ettari in totale). Tali luoghi forniscono territori di caccia vitali per questi rapaci, ma la loro sempre minore disponibilit\u00e0 minacciava il numero di coppie riproduttive in Italia.<\/p>\n\n\n\n<ul>\n<li>Sistemazione di 5 abbeveratoi per bovini e cavalli per il mantenimento dei terreni tramite pascolo (azione C4).<\/li>\n<\/ul>\n\n\n\n<p>Azione in preparazione<\/p>\n\n\n\n<ul>\n<li>Messa in sicurezza di circa 200 pali lungo 20 km di linee elettriche a bassa e media tensione presenti nel raggio di 2 km dalle hacking box (azioni A1 e C3).<\/li>\n<\/ul>\n\n\n\n<p>Risultati ottenuti: messa in sicurezza di 363 pali all\u2019interno della Riserva Naturale Lago di Vico,del Parco Regionale Marturanum, del Parco della Valle del Treja e di quello di Monte Rufeno, riducendo il rischio di elettrocuzione del falco lanario.<\/p>\n\n\n\n<ul>\n<li>Creazione di un database genetico nazionale presso l'IZS del Lazio e della Toscana e lo sviluppo di nuovi marker genetici da inserire nella International Gene Bank (azioni A5 e C6).<\/li>\n<\/ul>\n\n\n\n<p>Risultati ottenuti: sviluppo di nuovi marker genetici per la caratterizzazione di<em> Falco biarmicus feldeggii <\/em>(a livello di popolazione e di singolo individuo) e il differenziamento da altre sottospecie di<em> F. biarmicus<\/em>basata sull\u2019analisi di 115 campioni. A riguardo, \u00e8 stato pubblicato un articolo sulla rivista internazionale <em>Plos One<\/em>, oltre alle sequenze depositate su GenBank, una banca dati internazionale genetica.<img decoding=\"async\" style=\"width: px;\" src=\"https:\/\/lh6.googleusercontent.com\/4zrn2I9Vw_KkK5Uo35vOUBTgn-lIu1u8ZvXIwOW5LlBDTXt6K8w70U9RQC2rDTx7EwT5X0V3ie-__naB9dNPNeGciEx-LMoZlxNFNX0lDXuz2OwdlUAN9OZsk3ta6JT8kp22vZ87m8cQfvVVG-rseA\"><\/p>\n\n\n\n<ul>\n<li>Creazione di una rete di centri di recupero per lo studio del lanario e di altri falchi, coinvolgendo 15 centri in Centro e Sud Italia nonch\u00e9 a Malta (azioni A1 e C7).<\/li>\n<\/ul>\n\n\n\n<p>Risultati ottenuti: creazione di una rete che coinvolge 37 centri di recupero presenti al Nord, Centro e Sud Italia e a Malta. Creazione da parte dell\u2019IZSLT di una banca dati dove gli operatori dei centri possono inserire informazioni sui ricoveri di esemplari di lanario e specie affini. Oltre 300 registrazioni ma soprattutto di falco pellegrino.<\/p>\n\n\n\n<ul>\n<li>Preparazione di un manuale di identificazione del falco lanario, con linee guida e moduli di valutazione per i centri di recupero.<\/li>\n<\/ul>\n\n\n\n<p>Preparazione di un manuale di identificazione del falco lanario, con linee guida e moduli di valutazione per i centri di recupero. <\/p>\n\n\n\n<ul>\n<li>Preparazione e approvazione dell'aggiornamento del Piano d'Azione Nazionale per il lanario (azione A4).<\/li>\n<\/ul>\n\n\n\n<p>Azione posticipata.<\/p>\n\n\n\n<ul>\n<li>Trasferimento e Replicazione dell'hacking e altre tecniche di reintroduzione nella Riserva Naturale Regionale Montagne della Duchessa, in Grecia e a Malta (azione E3).<\/li>\n<\/ul>\n\n\n\n<p>Azione avviata in Spagna presso il GREFA e a Malta presso Birdlife Malta nel 2024, in preparazione in Grecia.<\/p>\n\n\n\n<ul>\n<li>Organizzazione di 31 eventi pubblici sul progetto, includendo in totale circa 1790 persone, e una conferenza ornitologica nazionale (azione E4).<\/li>\n<\/ul>\n\n\n\n<p>Risultati ottenuti: presentazione del progetto durante 16 eventi di progetto ed esterni, coinvolgendo circa 2170  persone, oltre a un workshop nazionale sui centri di recupero (il primo in Italia) organizzato dallo staff del progetto nell\u2019aprile 2023 e di cui sono visibili i video. <\/p>\n\n\n\n<p>Organizzazione di un evento nazionale dedicato agli esperti di Lanario tenutosi a Roma, il 9 Novembre 2024 e che ha ospitato oltre 40 persone.<\/p>\n\n\n\n<p class=\"has-text-align-center\"><\/p>\n\n\n\n<p><\/p>\n<\/div>\n\n\n\n<div class=\"wp-block-column is-layout-flow wp-block-column-is-layout-flow\" style=\"flex-basis:25%\"><\/div>\n<\/div>","protected":false},"excerpt":{"rendered":"<p>The project, despite the various external difficulties it has encountered in recent years, has achieved some notable results, in particular with regards to activities never carried out before, such as the breeding and birth of lanners in a public centre, the genetic characterization of species, and the securing of over 300 electrical pylons to prevent [&hellip;]<\/p>","protected":false},"author":1,"featured_media":0,"parent":32,"menu_order":3,"comment_status":"closed","ping_status":"closed","template":"page-onecolumn.php","meta":{"_monsterinsights_skip_tracking":false,"_monsterinsights_sitenote_active":false,"_monsterinsights_sitenote_note":"","_monsterinsights_sitenote_category":0,"footnotes":""},"yoast_head":"<!-- This site is optimized with the Yoast SEO plugin v22.5 - https:\/\/yoast.com\/wordpress\/plugins\/seo\/ -->\n<title>Results - LIFE LANNER<\/title>\n<meta name=\"robots\" content=\"index, follow, max-snippet:-1, max-image-preview:large, max-video-preview:-1\" \/>\n<link rel=\"canonical\" href=\"https:\/\/www.lifelanner.eu\/it\/project\/results\/\" \/>\n<meta property=\"og:locale\" content=\"it_IT\" \/>\n<meta property=\"og:type\" content=\"article\" \/>\n<meta property=\"og:title\" content=\"Results - LIFE LANNER\" \/>\n<meta property=\"og:description\" content=\"The project, despite the various external difficulties it has encountered in recent years, has achieved some notable results, in particular with regards to activities never carried out before, such as the breeding and birth of lanners in a public centre, the genetic characterization of species, and the securing of over 300 electrical pylons to prevent [&hellip;]\" \/>\n<meta property=\"og:url\" content=\"https:\/\/www.lifelanner.eu\/it\/project\/results\/\" \/>\n<meta property=\"og:site_name\" content=\"LIFE LANNER\" \/>\n<meta property=\"article:modified_time\" content=\"2025-03-04T13:33:38+00:00\" \/>\n<meta property=\"og:image\" content=\"https:\/\/www.lifelanner.eu\/wp-content\/uploads\/2022\/12\/sirio-768x1024.jpg\" \/>\n<meta name=\"twitter:card\" content=\"summary_large_image\" \/>\n<meta name=\"twitter:label1\" content=\"Tempo di lettura stimato\" \/>\n\t<meta name=\"twitter:data1\" content=\"7 minuti\" \/>\n<script type=\"application\/ld+json\" class=\"yoast-schema-graph\">{\"@context\":\"https:\/\/schema.org\",\"@graph\":[{\"@type\":\"WebPage\",\"@id\":\"https:\/\/www.lifelanner.eu\/project\/results\/\",\"url\":\"https:\/\/www.lifelanner.eu\/project\/results\/\",\"name\":\"Results - LIFE LANNER\",\"isPartOf\":{\"@id\":\"https:\/\/www.lifelanner.eu\/#website\"},\"primaryImageOfPage\":{\"@id\":\"https:\/\/www.lifelanner.eu\/project\/results\/#primaryimage\"},\"image\":{\"@id\":\"https:\/\/www.lifelanner.eu\/project\/results\/#primaryimage\"},\"thumbnailUrl\":\"https:\/\/www.lifelanner.eu\/wp-content\/uploads\/2022\/12\/sirio-768x1024.jpg\",\"datePublished\":\"2020-05-26T15:26:58+00:00\",\"dateModified\":\"2025-03-04T13:33:38+00:00\",\"breadcrumb\":{\"@id\":\"https:\/\/www.lifelanner.eu\/project\/results\/#breadcrumb\"},\"inLanguage\":\"it-IT\",\"potentialAction\":[{\"@type\":\"ReadAction\",\"target\":[\"https:\/\/www.lifelanner.eu\/project\/results\/\"]}]},{\"@type\":\"ImageObject\",\"inLanguage\":\"it-IT\",\"@id\":\"https:\/\/www.lifelanner.eu\/project\/results\/#primaryimage\",\"url\":\"https:\/\/www.lifelanner.eu\/wp-content\/uploads\/2022\/12\/sirio-768x1024.jpg\",\"contentUrl\":\"https:\/\/www.lifelanner.eu\/wp-content\/uploads\/2022\/12\/sirio-768x1024.jpg\"},{\"@type\":\"BreadcrumbList\",\"@id\":\"https:\/\/www.lifelanner.eu\/project\/results\/#breadcrumb\",\"itemListElement\":[{\"@type\":\"ListItem\",\"position\":1,\"name\":\"Home\",\"item\":\"https:\/\/www.lifelanner.eu\/\"},{\"@type\":\"ListItem\",\"position\":2,\"name\":\"Project\",\"item\":\"https:\/\/www.lifelanner.eu\/project\/\"},{\"@type\":\"ListItem\",\"position\":3,\"name\":\"Results\"}]},{\"@type\":\"WebSite\",\"@id\":\"https:\/\/www.lifelanner.eu\/#website\",\"url\":\"https:\/\/www.lifelanner.eu\/\",\"name\":\"LIFE LANNER\",\"description\":\"Urgent conservation actions for Lanner falcon\",\"potentialAction\":[{\"@type\":\"SearchAction\",\"target\":{\"@type\":\"EntryPoint\",\"urlTemplate\":\"https:\/\/www.lifelanner.eu\/?s={search_term_string}\"},\"query-input\":\"required name=search_term_string\"}],\"inLanguage\":\"it-IT\"}]}<\/script>\n<!-- \/ Yoast SEO plugin. -->","yoast_head_json":{"title":"Results - LIFE LANNER","robots":{"index":"index","follow":"follow","max-snippet":"max-snippet:-1","max-image-preview":"max-image-preview:large","max-video-preview":"max-video-preview:-1"},"canonical":"https:\/\/www.lifelanner.eu\/it\/project\/results\/","og_locale":"it_IT","og_type":"article","og_title":"Results - LIFE LANNER","og_description":"The project, despite the various external difficulties it has encountered in recent years, has achieved some notable results, in particular with regards to activities never carried out before, such as the breeding and birth of lanners in a public centre, the genetic characterization of species, and the securing of over 300 electrical pylons to prevent [&hellip;]","og_url":"https:\/\/www.lifelanner.eu\/it\/project\/results\/","og_site_name":"LIFE LANNER","article_modified_time":"2025-03-04T13:33:38+00:00","og_image":[{"url":"https:\/\/www.lifelanner.eu\/wp-content\/uploads\/2022\/12\/sirio-768x1024.jpg"}],"twitter_card":"summary_large_image","twitter_misc":{"Tempo di lettura stimato":"7 minuti"},"schema":{"@context":"https:\/\/schema.org","@graph":[{"@type":"WebPage","@id":"https:\/\/www.lifelanner.eu\/project\/results\/","url":"https:\/\/www.lifelanner.eu\/project\/results\/","name":"Results - LIFE LANNER","isPartOf":{"@id":"https:\/\/www.lifelanner.eu\/#website"},"primaryImageOfPage":{"@id":"https:\/\/www.lifelanner.eu\/project\/results\/#primaryimage"},"image":{"@id":"https:\/\/www.lifelanner.eu\/project\/results\/#primaryimage"},"thumbnailUrl":"https:\/\/www.lifelanner.eu\/wp-content\/uploads\/2022\/12\/sirio-768x1024.jpg","datePublished":"2020-05-26T15:26:58+00:00","dateModified":"2025-03-04T13:33:38+00:00","breadcrumb":{"@id":"https:\/\/www.lifelanner.eu\/project\/results\/#breadcrumb"},"inLanguage":"it-IT","potentialAction":[{"@type":"ReadAction","target":["https:\/\/www.lifelanner.eu\/project\/results\/"]}]},{"@type":"ImageObject","inLanguage":"it-IT","@id":"https:\/\/www.lifelanner.eu\/project\/results\/#primaryimage","url":"https:\/\/www.lifelanner.eu\/wp-content\/uploads\/2022\/12\/sirio-768x1024.jpg","contentUrl":"https:\/\/www.lifelanner.eu\/wp-content\/uploads\/2022\/12\/sirio-768x1024.jpg"},{"@type":"BreadcrumbList","@id":"https:\/\/www.lifelanner.eu\/project\/results\/#breadcrumb","itemListElement":[{"@type":"ListItem","position":1,"name":"Home","item":"https:\/\/www.lifelanner.eu\/"},{"@type":"ListItem","position":2,"name":"Project","item":"https:\/\/www.lifelanner.eu\/project\/"},{"@type":"ListItem","position":3,"name":"Results"}]},{"@type":"WebSite","@id":"https:\/\/www.lifelanner.eu\/#website","url":"https:\/\/www.lifelanner.eu\/","name":"LIFE LANNER","description":"Urgent conservation actions for Lanner falcon","potentialAction":[{"@type":"SearchAction","target":{"@type":"EntryPoint","urlTemplate":"https:\/\/www.lifelanner.eu\/?s={search_term_string}"},"query-input":"required name=search_term_string"}],"inLanguage":"it-IT"}]}},"_links":{"self":[{"href":"https:\/\/www.lifelanner.eu\/it\/wp-json\/wp\/v2\/pages\/108"}],"collection":[{"href":"https:\/\/www.lifelanner.eu\/it\/wp-json\/wp\/v2\/pages"}],"about":[{"href":"https:\/\/www.lifelanner.eu\/it\/wp-json\/wp\/v2\/types\/page"}],"author":[{"embeddable":true,"href":"https:\/\/www.lifelanner.eu\/it\/wp-json\/wp\/v2\/users\/1"}],"replies":[{"embeddable":true,"href":"https:\/\/www.lifelanner.eu\/it\/wp-json\/wp\/v2\/comments?post=108"}],"version-history":[{"count":15,"href":"https:\/\/www.lifelanner.eu\/it\/wp-json\/wp\/v2\/pages\/108\/revisions"}],"predecessor-version":[{"id":1238,"href":"https:\/\/www.lifelanner.eu\/it\/wp-json\/wp\/v2\/pages\/108\/revisions\/1238"}],"up":[{"embeddable":true,"href":"https:\/\/www.lifelanner.eu\/it\/wp-json\/wp\/v2\/pages\/32"}],"wp:attachment":[{"href":"https:\/\/www.lifelanner.eu\/it\/wp-json\/wp\/v2\/media?parent=108"}],"curies":[{"name":"wp","href":"https:\/\/api.w.org\/{rel}","templated":true}]}}